{"id":36,"date":"2022-03-09T18:51:51","date_gmt":"2022-03-09T18:51:51","guid":{"rendered":"https:\/\/kehilacordoba.org\/amigos\/?page_id=36"},"modified":"2022-06-14T18:14:45","modified_gmt":"2022-06-14T18:14:45","slug":"dona-ahora","status":"publish","type":"page","link":"https:\/\/kehilacordoba.org\/amigos\/dona-ahora\/","title":{"rendered":"Don\u00e1 Ahora"},"content":{"rendered":"<p><strong>Partiendo del valor de un JAI (18) como Cuota Junior, te proponemos un aporte mensual m\u00faltiplo de 18 para sumarnos m\u00e1s VIDA.<\/strong><\/p>\n<p>Para realizar tu donativo us\u00e1 el siguiente bot\u00f3n de PayPal:<\/p>\n<p><a href=\"https:\/\/www.paypal.com\/donate\/?hosted_button_id=KG6J37SPXGPU6\"><img loading=\"lazy\" decoding=\"async\" class=\"alignnone size-full wp-image-39\" src=\"https:\/\/kehilacordoba.org\/amigos\/wp-content\/uploads\/2022\/03\/donar.png\" alt=\"\" width=\"100\" height=\"31\" \/><\/a><\/p>\n","protected":false},"excerpt":{"rendered":"<p>Partiendo del valor de un JAI (18) como Cuota Junior, te proponemos un aporte mensual m\u00faltiplo de 18 para sumarnos m\u00e1s VIDA. Para realizar tu donativo us\u00e1 el siguiente bot\u00f3n de PayPal:<\/p>\n","protected":false},"author":1,"featured_media":16,"parent":0,"menu_order":0,"comment_status":"closed","ping_status":"closed","template":"","meta":{"footnotes":""},"class_list":["post-36","page","type-page","status-publish","has-post-thumbnail","hentry"],"_links":{"self":[{"href":"https:\/\/kehilacordoba.org\/amigos\/wp-json\/wp\/v2\/pages\/36","targetHints":{"allow":["GET"]}}],"collection":[{"href":"https:\/\/kehilacordoba.org\/amigos\/wp-json\/wp\/v2\/pages"}],"about":[{"href":"https:\/\/kehilacordoba.org\/amigos\/wp-json\/wp\/v2\/types\/page"}],"author":[{"embeddable":true,"href":"https:\/\/kehilacordoba.org\/amigos\/wp-json\/wp\/v2\/users\/1"}],"replies":[{"embeddable":true,"href":"https:\/\/kehilacordoba.org\/amigos\/wp-json\/wp\/v2\/comments?post=36"}],"version-history":[{"count":7,"href":"https:\/\/kehilacordoba.org\/amigos\/wp-json\/wp\/v2\/pages\/36\/revisions"}],"predecessor-version":[{"id":73,"href":"https:\/\/kehilacordoba.org\/amigos\/wp-json\/wp\/v2\/pages\/36\/revisions\/73"}],"wp:featuredmedia":[{"embeddable":true,"href":"https:\/\/kehilacordoba.org\/amigos\/wp-json\/wp\/v2\/media\/16"}],"wp:attachment":[{"href":"https:\/\/kehilacordoba.org\/amigos\/wp-json\/wp\/v2\/media?parent=36"}],"curies":[{"name":"wp","href":"https:\/\/api.w.org\/{rel}","templated":true}]}}